{"id":514,"date":"2022-07-27T16:06:06","date_gmt":"2022-07-27T16:06:06","guid":{"rendered":"http:\/\/etchenet.com\/?page_id=514"},"modified":"2026-03-01T14:41:22","modified_gmt":"2026-03-01T14:41:22","slug":"mentions-legales","status":"publish","type":"page","link":"https:\/\/etchenet.com\/es\/mentions-legales\/","title":{"rendered":"Informaci\u00f3n jur\u00eddica"},"content":{"rendered":"<div class=\"wp-block-group has-global-padding is-layout-constrained wp-block-group-is-layout-constrained\">\n<p class=\"wp-block-paragraph\">De conformidad con los art\u00edculos 6-III y 19 de la Ley n.\u00ba 2004-575, de 21 de junio de 2004, sobre la confianza en la econom\u00eda digital (LCEN), se informa a los usuarios y visitantes del sitio web etchenet.com sobre el presente aviso legal. El sitio web etchenet.com es accesible en la siguiente direcci\u00f3n: https:\/\/etchenet.com (en adelante, \u00abel Sitio\u00bb). El acceso y el uso del Sitio est\u00e1n sujetos a este \u00bbAviso Legal\u00bb, que se detalla a continuaci\u00f3n, as\u00ed como a las leyes y reglamentos aplicables. Al conectarse, utilizar y acceder a este Sitio, el usuario acepta plena e incondicionalmente todas las disposiciones de este Aviso Legal.<\/p>\n\n\n\n<h2 class=\"wp-block-heading\">ART\u00cdCULO 1 \u2013 INFORMACI\u00d3N LEGAL<\/h2>\n\n\n\n<p class=\"wp-block-paragraph\">De conformidad con el art\u00edculo 6 de la Ley n\u00b0 2004-575, de 21 de junio de 2004, relativa a la confianza en la econom\u00eda digital, este art\u00edculo precisa la identidad de los distintos actores implicados en su implementaci\u00f3n y seguimiento.<\/p>\n\n\n\n<h3 class=\"wp-block-heading\">A. Editor del sitio<\/h3>\n\n\n\n<p class=\"wp-block-paragraph\">El sitio web etchenet.com es publicado por Olivier Carrion, con domicilio en: 17 Boulevard du G\u00e9n\u00e9ral Leclerc, 64700 Hendaye, Francia, y registrado con el n\u00famero 3995720070003. Tel\u00e9fono: +33 6 89 98 75 73. Correo electr\u00f3nico: info@etchenet.com<\/p>\n\n\n\n<h3 class=\"wp-block-heading\">B. Director de Publicaciones<\/h3>\n\n\n\n<p class=\"wp-block-paragraph\">El director de publicaci\u00f3n es Olivier Carrion. Correo electr\u00f3nico de contacto: info@etchenet.com<\/p>\n\n\n\n<h3 class=\"wp-block-heading\">C. Anfitri\u00f3n del sitio<\/h3>\n\n\n\n<p class=\"wp-block-paragraph\">El sitio web etchenet.com est\u00e1 alojado por:&nbsp;<a href=\"https:\/\/www.lucushost.com\/hosting-wordpress?utm_medium=affiliate&amp;utm_source=1117&amp;utm_campaign=Afiliados\" target=\"_blank\" rel=\"noopener\">Lucushost<\/a><\/p>\n\n\n\n<h3 class=\"wp-block-heading\">D. Usuarios<\/h3>\n\n\n\n<p class=\"wp-block-paragraph\">Se consideran usuarios todos los usuarios de Internet que naveguen, lean, visualicen y utilicen el sitio web etchenet.com.<\/p>\n\n\n\n<h2 class=\"wp-block-heading\">ART\u00cdCULO 2 \u2013 ACCESIBILIDAD<\/h2>\n\n\n\n<p class=\"wp-block-paragraph\">El sitio web suele estar disponible las 24 horas del d\u00eda, los 7 d\u00edas de la semana, salvo interrupciones programadas o imprevistas por mantenimiento o fuerza mayor. En caso de inaccesibilidad, el operador del sitio har\u00e1 todo lo posible por restablecer el acceso. El operador del sitio no se responsabiliza de los da\u00f1os y perjuicios que pudieran derivarse de su indisponibilidad.<\/p>\n\n\n\n<h2 class=\"wp-block-heading\">ART\u00cdCULO 3 \u2013 LEY APLICABLE Y JURISDICCI\u00d3N<\/h2>\n\n\n\n<p class=\"wp-block-paragraph\">El presente Aviso Legal se rige por la legislaci\u00f3n francesa. En caso de litigio y a falta de acuerdo amistoso, el litigio se someter\u00e1 a los tribunales franceses de conformidad con las normas de jurisdicci\u00f3n vigentes.<\/p>\n\n\n\n<h2 class=\"wp-block-heading\">ART\u00cdCULO 4 \u2013 CONTACTO<\/h2>\n\n\n\n<p class=\"wp-block-paragraph\">Para denunciar cualquier contenido o actividad ilegal, el Usuario puede contactar con el Editor en la siguiente direcci\u00f3n: info@etchenet.com, o mediante correo certificado con acuse de recibo, dirigido al Editor a los datos de contacto especificados en este aviso legal. \u00a1El sitio web Etchenet.com le desea una agradable experiencia de navegaci\u00f3n!<\/p>\n<\/div>","protected":false},"excerpt":{"rendered":"<p>Conform\u00e9ment aux dispositions des Articles 6-III et 19 de la Loi n\u00b02004-575 du 21 juin 2004 pour la Confiance dans l&rsquo;\u00e9conomie num\u00e9rique, dite L.C.E.N., il est port\u00e9 \u00e0 la connaissance des utilisateurs et visiteurs du site etchenet.com les pr\u00e9sentes mentions l\u00e9gales. Le site etchenet.com est accessible \u00e0 l&rsquo;adresse suivante : https:\/\/etchenet.com (ci-apr\u00e8s \u00ab\u00a0le Site\u00a0\u00bb). L&rsquo;acc\u00e8s [&hellip;]<\/p>\n","protected":false},"author":1,"featured_media":0,"parent":0,"menu_order":0,"comment_status":"closed","ping_status":"closed","template":"","meta":{"_crdt_document":"","ai_generated_summary":"","footnotes":""},"class_list":["post-514","page","type-page","status-publish","hentry"],"_links":{"self":[{"href":"https:\/\/etchenet.com\/es\/wp-json\/wp\/v2\/pages\/514","targetHints":{"allow":["GET"]}}],"collection":[{"href":"https:\/\/etchenet.com\/es\/wp-json\/wp\/v2\/pages"}],"about":[{"href":"https:\/\/etchenet.com\/es\/wp-json\/wp\/v2\/types\/page"}],"author":[{"embeddable":true,"href":"https:\/\/etchenet.com\/es\/wp-json\/wp\/v2\/users\/1"}],"replies":[{"embeddable":true,"href":"https:\/\/etchenet.com\/es\/wp-json\/wp\/v2\/comments?post=514"}],"version-history":[{"count":0,"href":"https:\/\/etchenet.com\/es\/wp-json\/wp\/v2\/pages\/514\/revisions"}],"wp:attachment":[{"href":"https:\/\/etchenet.com\/es\/wp-json\/wp\/v2\/media?parent=514"}],"curies":[{"name":"gracias","href":"https:\/\/api.w.org\/{rel}","templated":true}]}}