{"id":1056,"date":"2022-08-18T10:29:18","date_gmt":"2022-08-18T10:29:18","guid":{"rendered":"http:\/\/etchenet.com\/?page_id=1056"},"modified":"2026-03-01T14:42:59","modified_gmt":"2026-03-01T14:42:59","slug":"politique-de-confidentialite","status":"publish","type":"page","link":"https:\/\/etchenet.com\/es\/politique-de-confidentialite\/","title":{"rendered":"pol\u00edtica de privacidad"},"content":{"rendered":"<div class=\"wp-block-group has-global-padding is-layout-constrained wp-block-group-is-layout-constrained\">\n<h2 class=\"wp-block-heading\">Pol\u00edtica de privacidad de Etchenet.com<\/h2>\n\n\n\n<p class=\"wp-block-paragraph\">Esta Pol\u00edtica de Privacidad describe c\u00f3mo se recopila, utiliza y comparte su informaci\u00f3n personal cuando visita etchenet.com (el \u00abSitio\u00bb) o realiza una compra en \u00e9l.<\/p>\n\n\n\n<h3 class=\"wp-block-heading\">INFORMACI\u00d3N PERSONAL RECOPILADA<\/h3>\n\n\n\n<p class=\"wp-block-paragraph\">Cuando visitas el Sitio, recopilamos autom\u00e1ticamente cierta informaci\u00f3n sobre tu dispositivo, incluyendo informaci\u00f3n sobre tu navegador web, direcci\u00f3n IP, zona horaria y algunas de las cookies instaladas en tu dispositivo. Adem\u00e1s, mientras navegas por el Sitio, recopilamos informaci\u00f3n sobre las p\u00e1ginas web o productos que visualizas, los sitios web o t\u00e9rminos de b\u00fasqueda que te dirigieron al Sitio e informaci\u00f3n sobre c\u00f3mo interact\u00faas con \u00e9l. Nos referimos a esta informaci\u00f3n recopilada autom\u00e1ticamente como &quot;Informaci\u00f3n del dispositivo&quot;.<\/p>\n\n\n\n<p class=\"wp-block-paragraph\">Recopilamos informaci\u00f3n del dispositivo utilizando las siguientes tecnolog\u00edas:<\/p>\n\n\n\n<h3 class=\"wp-block-heading\">GALLETAS<\/h3>\n\n\n\n<p class=\"wp-block-paragraph\">&nbsp; Los &quot;archivos de registro&quot; rastrean la actividad del sitio y recopilan datos como su direcci\u00f3n IP, el tipo de navegador que utiliza, su proveedor de servicios de Internet, sus p\u00e1ginas de referencia y de salida, y sus datos de marca de tiempo (fecha y hora).<\/p>\n\n\n\n<p class=\"wp-block-paragraph\">&nbsp;&nbsp;&nbsp; Los \u00abp\u00edxeles invisibles\u00bb, las \u00abetiquetas\u00bb y los \u00abp\u00edxeles\u00bb son archivos electr\u00f3nicos que registran informaci\u00f3n sobre c\u00f3mo navega usted por el Sitio.<\/p>\n\n\n\n<p class=\"wp-block-paragraph\">Adem\u00e1s, cuando usted realiza o intenta realizar una compra a trav\u00e9s del Sitio, recopilamos cierta informaci\u00f3n sobre usted, incluyendo su nombre, direcci\u00f3n de facturaci\u00f3n, direcci\u00f3n de env\u00edo, informaci\u00f3n de pago, direcci\u00f3n de correo electr\u00f3nico y n\u00famero de tel\u00e9fono. Esta informaci\u00f3n recopilada autom\u00e1ticamente se denomina &quot;Informaci\u00f3n del pedido&quot;.<\/p>\n\n\n\n<p class=\"wp-block-paragraph\">Cuando utilizamos el t\u00e9rmino &quot;Informaci\u00f3n personal&quot; en esta Pol\u00edtica de privacidad, nos referimos tanto a la Informaci\u00f3n del dispositivo como a la Informaci\u00f3n del pedido.<\/p>\n\n\n\n<h3 class=\"wp-block-heading\">\u00bfC\u00d3MO UTILIZAMOS SU INFORMACI\u00d3N PERSONAL?<\/h3>\n\n\n\n<p class=\"wp-block-paragraph\">En general, utilizamos la informaci\u00f3n de pedidos que recopilamos para procesar los pedidos realizados a trav\u00e9s del Sitio (incluido el procesamiento de su informaci\u00f3n de pago, la organizaci\u00f3n del env\u00edo de su pedido y el env\u00edo de facturas y\/o confirmaciones de pedido). Adem\u00e1s, utilizamos esta informaci\u00f3n de pedidos para:<\/p>\n\n\n\n<p class=\"wp-block-paragraph\">Comunicarnos con usted;<\/p>\n\n\n\n<p class=\"wp-block-paragraph\">Evaluar posibles fraudes o riesgos;<\/p>\n\n\n\n<p class=\"wp-block-paragraph\">Cuando coincida con las preferencias que nos hayas comunicado, te proporcionaremos informaci\u00f3n o anuncios sobre nuestros productos o servicios.<\/p>\n\n\n\n<p class=\"wp-block-paragraph\">Utilizamos la informaci\u00f3n del dispositivo (en particular, su direcci\u00f3n IP) que recopilamos para evaluar posibles fraudes o riesgos y, en general, para mejorar y optimizar nuestro sitio web (por ejemplo, generando an\u00e1lisis sobre c\u00f3mo nuestros clientes navegan e interact\u00faan con el sitio y para evaluar el \u00e9xito de nuestras campa\u00f1as de publicidad y marketing).<\/p>\n\n\n\n<h3 class=\"wp-block-heading\">COMPARTIR SU INFORMACI\u00d3N PERSONAL<\/h3>\n\n\n\n<p class=\"wp-block-paragraph\">Compartimos su informaci\u00f3n personal con terceros que nos ayudan a utilizarla para los fines descritos anteriormente. Por ejemplo, utilizamos Etchenet.com para alojar nuestra tienda en l\u00ednea. Para obtener m\u00e1s informaci\u00f3n sobre c\u00f3mo Etchenet.com utiliza su informaci\u00f3n personal, visite https:\/\/etchenet.com. Tambi\u00e9n utilizamos Google Analytics para comprender mejor c\u00f3mo nuestros clientes utilizan el sitio web. Para obtener m\u00e1s informaci\u00f3n sobre c\u00f3mo Google utiliza su informaci\u00f3n personal, visite https:\/\/www.google.com\/intl\/fr\/policies\/privacy\/. Tambi\u00e9n puede desactivar Google Analytics aqu\u00ed: https:\/\/tools.google.com\/dlpage\/gaoptout.<\/p>\n\n\n\n<p class=\"wp-block-paragraph\">Por \u00faltimo, tambi\u00e9n podemos compartir su informaci\u00f3n personal para cumplir con las leyes y regulaciones aplicables, responder a una citaci\u00f3n, orden de registro u otra solicitud legal de informaci\u00f3n que recibamos, o para proteger nuestros derechos.<\/p>\n\n\n\n<h3 class=\"wp-block-heading\">PUBLICIDAD CONDUCTUAL<\/h3>\n\n\n\n<p class=\"wp-block-paragraph\">Como se mencion\u00f3 anteriormente, utilizamos su informaci\u00f3n personal para ofrecerle anuncios o mensajes de marketing personalizados que creemos que pueden ser de su inter\u00e9s. Para obtener m\u00e1s informaci\u00f3n sobre c\u00f3mo funciona la publicidad personalizada, puede visitar la p\u00e1gina de informaci\u00f3n de la Network Advertising Initiative (NAI) en: http:\/\/www.networkadvertising.org\/understanding-online-advertising\/how-does-it-work.<\/p>\n\n\n\n<p class=\"wp-block-paragraph\">Aqu\u00ed puede optar por no recibir publicidad personalizada:<\/p>\n\n\n\n<h4 class=\"wp-block-heading\">\u00a0 ALGUNOS ENLACES COMUNES:<\/h4>\n\n\n\n<p class=\"wp-block-paragraph\">&nbsp;&nbsp;&nbsp; FACEBOOK \u2013 https:\/\/www.facebook.com\/settings\/?tab=ads<\/p>\n\n\n\n<p class=\"wp-block-paragraph\">&nbsp;&nbsp;&nbsp; GOOGLE \u2013 https:\/\/www.google.com\/settings\/ads\/anonymous<\/p>\n\n\n\n<p class=\"wp-block-paragraph\">&nbsp;&nbsp;&nbsp; BING \u2013 https:\/\/about.ads.microsoft.com\/fr-fr\/ressources\/policies\/personalized-announcements<\/p>\n\n\n\n<p class=\"wp-block-paragraph\">Adem\u00e1s, puede optar por no participar en algunos de estos servicios visitando el portal de exclusi\u00f3n voluntaria de la Digital Advertising Alliance en la siguiente direcci\u00f3n: https:\/\/optout.aboutads.info\/?c=3&amp;lang=fr.<\/p>\n\n\n\n<h3 class=\"wp-block-heading\">NO SIGA<\/h3>\n\n\n\n<p class=\"wp-block-paragraph\">Tenga en cuenta que no modificamos nuestras pr\u00e1cticas de recopilaci\u00f3n y uso de datos del sitio web cuando detectamos una se\u00f1al de &quot;No rastrear&quot; en su navegador.<\/p>\n\n\n\n<h3 class=\"wp-block-heading\">SUS DERECHOS<\/h3>\n\n\n\n<p class=\"wp-block-paragraph\">Si reside en Europa, tiene derecho a acceder a la informaci\u00f3n personal que conservamos sobre usted y a solicitar su correcci\u00f3n, actualizaci\u00f3n o eliminaci\u00f3n. Si desea ejercer este derecho, p\u00f3ngase en contacto con nosotros a trav\u00e9s de los datos de contacto que figuran a continuaci\u00f3n.<\/p>\n\n\n\n<p class=\"wp-block-paragraph\">Adem\u00e1s, si reside en Europa, tenga en cuenta que procesamos su informaci\u00f3n para cumplir con nuestras obligaciones contractuales con usted (por ejemplo, si realiza un pedido en el Sitio) o para perseguir nuestros intereses comerciales leg\u00edtimos, como se indica anteriormente. Tenga en cuenta tambi\u00e9n que su informaci\u00f3n se transferir\u00e1 fuera de Europa, incluyendo a Canad\u00e1 y Estados Unidos.<\/p>\n\n\n\n<h3 class=\"wp-block-heading\">RETENCI\u00d3N DE DATOS<\/h3>\n\n\n\n<p class=\"wp-block-paragraph\">Cuando usted realiza un pedido a trav\u00e9s del Sitio, conservamos la informaci\u00f3n de su pedido en nuestros registros a menos que usted nos solicite que la eliminemos.<\/p>\n\n\n\n<h3 class=\"wp-block-heading\">CAMBIOS<\/h3>\n\n\n\n<p class=\"wp-block-paragraph\">Podemos modificar esta pol\u00edtica de privacidad peri\u00f3dicamente para reflejar, por ejemplo, cambios en nuestras pr\u00e1cticas o por otras razones operativas, legales o reglamentarias.<\/p>\n\n\n\n<h3 class=\"wp-block-heading\">CONT\u00c1CTANOS<\/h3>\n\n\n\n<p class=\"wp-block-paragraph\">Para obtener m\u00e1s informaci\u00f3n sobre nuestras pr\u00e1cticas de privacidad, si tiene alguna pregunta o si desea presentar una queja, p\u00f3ngase en contacto con nosotros por correo electr\u00f3nico a etchenet@gmail.com o por correo postal a la siguiente direcci\u00f3n: 24 rue Gastagnalde, Hendaye, 64700, Francia.<\/p>\n<\/div>","protected":false},"excerpt":{"rendered":"<p>Politique de confidentialit\u00e9 de Etchenet.com La pr\u00e9sente Politique de confidentialit\u00e9 d\u00e9crit la fa\u00e7on dont vos informations personnelles sont recueillies, utilis\u00e9es et partag\u00e9es lorsque vous vous rendez sur etchenet.com (le \u00ab&nbsp;Site&nbsp;\u00bb) ou que vous y effectuez un achat. INFORMATIONS PERSONNELLES RECUEILLIES Lorsque vous vous rendez sur le Site, nous recueillons automatiquement certaines informations concernant votre appareil, [&hellip;]<\/p>\n","protected":false},"author":1,"featured_media":0,"parent":0,"menu_order":0,"comment_status":"closed","ping_status":"closed","template":"","meta":{"_crdt_document":"","ai_generated_summary":"","footnotes":""},"class_list":["post-1056","page","type-page","status-publish","hentry"],"_links":{"self":[{"href":"https:\/\/etchenet.com\/es\/wp-json\/wp\/v2\/pages\/1056","targetHints":{"allow":["GET"]}}],"collection":[{"href":"https:\/\/etchenet.com\/es\/wp-json\/wp\/v2\/pages"}],"about":[{"href":"https:\/\/etchenet.com\/es\/wp-json\/wp\/v2\/types\/page"}],"author":[{"embeddable":true,"href":"https:\/\/etchenet.com\/es\/wp-json\/wp\/v2\/users\/1"}],"replies":[{"embeddable":true,"href":"https:\/\/etchenet.com\/es\/wp-json\/wp\/v2\/comments?post=1056"}],"version-history":[{"count":0,"href":"https:\/\/etchenet.com\/es\/wp-json\/wp\/v2\/pages\/1056\/revisions"}],"wp:attachment":[{"href":"https:\/\/etchenet.com\/es\/wp-json\/wp\/v2\/media?parent=1056"}],"curies":[{"name":"gracias","href":"https:\/\/api.w.org\/{rel}","templated":true}]}}